{"id":19,"date":"2025-11-27T21:34:58","date_gmt":"2025-11-27T21:34:58","guid":{"rendered":"https:\/\/wcfuhbq.cluster121.hosting.ovh.net\/?page_id=19"},"modified":"2026-04-24T12:01:57","modified_gmt":"2026-04-24T12:01:57","slug":"amours-toujours-concert-amoureux","status":"publish","type":"page","link":"https:\/\/www.cielesondesmots.com\/index.php\/amours-toujours-concert-amoureux\/","title":{"rendered":"\u00ab\u00a0Amour(s) Toujours \u2013 concert amoureux\u00a0\u00bb"},"content":{"rendered":"\n<div class=\"wp-block-cover\"><img loading=\"lazy\" decoding=\"async\" width=\"1024\" height=\"809\" class=\"wp-block-cover__image-background wp-image-235 size-large\" alt=\"\" src=\"https:\/\/www.cielesondesmots.com\/wp-content\/uploads\/2026\/03\/P1156542-1024x809.jpg\" data-object-fit=\"cover\" srcset=\"https:\/\/www.cielesondesmots.com\/wp-content\/uploads\/2026\/03\/P1156542-1024x809.jpg 1024w, https:\/\/www.cielesondesmots.com\/wp-content\/uploads\/2026\/03\/P1156542-300x237.jpg 300w, https:\/\/www.cielesondesmots.com\/wp-content\/uploads\/2026\/03\/P1156542-768x607.jpg 768w, https:\/\/www.cielesondesmots.com\/wp-content\/uploads\/2026\/03\/P1156542-1536x1214.jpg 1536w, https:\/\/www.cielesondesmots.com\/wp-content\/uploads\/2026\/03\/P1156542-1367x1080.jpg 1367w, https:\/\/www.cielesondesmots.com\/wp-content\/uploads\/2026\/03\/P1156542.jpg 2048w\" sizes=\"auto, (max-width: 1024px) 100vw, 1024px\" \/><span aria-hidden=\"true\" class=\"wp-block-cover__background has-background-dim\" style=\"background-color:#824856\"><\/span><div class=\"wp-block-cover__inner-container is-layout-flow wp-block-cover-is-layout-flow\">\n<p class=\"has-text-align-center has-large-font-size\"><\/p>\n<\/div><\/div>\n\n\n\n<p style=\"font-size:15px\">\u00ab Ceci n&rsquo;est pas un spectacle. Ceci n&rsquo;est pas non plus un concert. Je dirais plut\u00f4t : ceci est une divagation. \u00bb <br><br>A travers des textes, po\u00e8me et chansons \u00ab\u00a0d&rsquo;autrefois\u00a0\u00bb, trois amies se questionnent sur leur h\u00e9ritage culturel. Comment les po\u00e8tes et chansonniers d&rsquo;autrefois fa\u00e7onnent nos repr\u00e9sentations de l&rsquo;amour aujourd&rsquo;hui ?<\/p>\n\n\n\n<p style=\"font-size:15px\">L&rsquo;amour est-il fusion ? L&rsquo;amour est-il passion ? Faut-il mourir d&rsquo;amour ? L&rsquo;homme id\u00e9al existe-t-il ? A travers des extraits de grands textes de la litt\u00e9rature amoureuse, \u00ab\u00a0Cyrano de Bergerac\u00a0\u00bb, \u00ab\u00a0Rom\u00e9o et Juliette\u00a0\u00bb, \u00ab\u00a0Anna Kar\u00e9nine\u00a0\u00bb&#8230; et des chansons classiques sur l&rsquo;amour \u00ab\u00a0La Foule\u00a0\u00bb, \u00ab\u00a0Madeleine\u00a0\u00bb, \u00ab\u00a0Hymne \u00e0 l&rsquo;amour\u00a0\u00bb, nos personnages divaguent, po\u00e9tisent et se questionnent sur leur propre rapport \u00e0 l&rsquo;aventure amoureuse, accompagn\u00e9s par des philosophes d&rsquo;aujourd&rsquo;hui : Alain Badiou et Charles P\u00e9pin. <\/p>\n\n\n\n<p style=\"font-size:15px\">Dans leur divagation, elles interrogeront les spectateurs et les entra\u00eeneront dans leur valse tourbillonnante autour de cette question que tout le monde se pose : \u00ab\u00a0Au fait, c&rsquo;est quoi l&rsquo;amour ?\u00a0\u00bb<br><br><br><strong>Concert-spectacle, cabaret-concert sur le th\u00e8me de l\u2019amour<\/strong><br>Disponible pour l\u2019int\u00e9rieur ainsi que pour l\u2019ext\u00e9rieur<br><\/p>\n\n\n\n<p style=\"font-size:15px\"><strong>DUR\u00c9E<\/strong><br>70 minutes<br><\/p>\n\n\n\n<p style=\"font-size:15px\"><strong>TOUT-PUBLIC<\/strong><br>D\u00e8s 10 ans<br><br><strong>DISTRIBUTION<\/strong><br>Cr\u00e9ation collective dirig\u00e9e par Claire PHILIPPE<br>Avec :&nbsp;Marie-C\u00e9cile GAUTIER,&nbsp;C\u00e9cile PETIT, Claire PHILIPPE<br>Mise en sc\u00e8ne :&nbsp;Caroline RUIZ<br>Arrangements vocaux : Martin MABZ<br>Cr\u00e9ation lumi\u00e8res : Vincent GUIBAL<br>Son : Micka\u00ebl ROCHE<\/p>\n\n\n\n<p style=\"font-size:15px\"><strong>SOUTIENS<br><\/strong>Le spectacle \u00ab\u00a0Amour(s) Toujours\u00a0\u00bb a \u00e9t\u00e9 accueilli en r\u00e9sidence de cr\u00e9ation au Th\u00e9\u00e2tre de l&rsquo;Eden \u00e0 S\u00e9nas et au Th\u00e9\u00e2tre de l&rsquo;Astronef \u00e0 Marseille<br><\/p>\n\n\n\n<figure class=\"wp-block-embed is-type-video is-provider-youtube wp-block-embed-youtube wp-embed-aspect-16-9 wp-has-aspect-ratio\"><div class=\"wp-block-embed__wrapper\">\n<div class='embed-container'><iframe loading=\"lazy\" title=\"&quot;Amour(s) Toujours - concert amoureux&quot; - teaser\" width=\"1920\" height=\"1080\" src=\"https:\/\/www.youtube.com\/embed\/bG_IsjJ9ivo?feature=oembed\" frameborder=\"0\" allow=\"accelerometer; autoplay; clipboard-write; encrypted-media; gyroscope; picture-in-picture; web-share\" referrerpolicy=\"strict-origin-when-cross-origin\" allowfullscreen><\/iframe><\/div>\n<\/div><\/figure>\n","protected":false},"excerpt":{"rendered":"<p>\u00ab Ceci n&rsquo;est pas un spectacle. Ceci n&rsquo;est pas non plus un concert. Je dirais plut\u00f4t : ceci est une divagation. \u00bb A travers des textes, po\u00e8me et chansons \u00ab\u00a0d&rsquo;autrefois\u00a0\u00bb, trois amies se questionnent sur leur h\u00e9ritage culturel. Comment les po\u00e8tes et chansonniers d&rsquo;autrefois fa\u00e7onnent nos repr\u00e9sentations de l&rsquo;amour aujourd&rsquo;hui ? L&rsquo;amour est-il fusion ?&hellip; <br \/> <a class=\"read-more\" href=\"https:\/\/www.cielesondesmots.com\/index.php\/amours-toujours-concert-amoureux\/\">Lire la suite<\/a><\/p>\n","protected":false},"author":2,"featured_media":207,"parent":0,"menu_order":0,"comment_status":"closed","ping_status":"closed","template":"","meta":{"footnotes":""},"class_list":["post-19","page","type-page","status-publish","has-post-thumbnail","hentry"],"_links":{"self":[{"href":"https:\/\/www.cielesondesmots.com\/index.php\/wp-json\/wp\/v2\/pages\/19","targetHints":{"allow":["GET"]}}],"collection":[{"href":"https:\/\/www.cielesondesmots.com\/index.php\/wp-json\/wp\/v2\/pages"}],"about":[{"href":"https:\/\/www.cielesondesmots.com\/index.php\/wp-json\/wp\/v2\/types\/page"}],"author":[{"embeddable":true,"href":"https:\/\/www.cielesondesmots.com\/index.php\/wp-json\/wp\/v2\/users\/2"}],"replies":[{"embeddable":true,"href":"https:\/\/www.cielesondesmots.com\/index.php\/wp-json\/wp\/v2\/comments?post=19"}],"version-history":[{"count":11,"href":"https:\/\/www.cielesondesmots.com\/index.php\/wp-json\/wp\/v2\/pages\/19\/revisions"}],"predecessor-version":[{"id":254,"href":"https:\/\/www.cielesondesmots.com\/index.php\/wp-json\/wp\/v2\/pages\/19\/revisions\/254"}],"wp:featuredmedia":[{"embeddable":true,"href":"https:\/\/www.cielesondesmots.com\/index.php\/wp-json\/wp\/v2\/media\/207"}],"wp:attachment":[{"href":"https:\/\/www.cielesondesmots.com\/index.php\/wp-json\/wp\/v2\/media?parent=19"}],"curies":[{"name":"wp","href":"https:\/\/api.w.org\/{rel}","templated":true}]}}