{"id":14,"date":"2025-11-27T21:35:12","date_gmt":"2025-11-27T21:35:12","guid":{"rendered":"https:\/\/wcfuhbq.cluster121.hosting.ovh.net\/?page_id=14"},"modified":"2026-03-23T17:10:13","modified_gmt":"2026-03-23T17:10:13","slug":"encore-une-chanson","status":"publish","type":"page","link":"https:\/\/www.cielesondesmots.com\/index.php\/encore-une-chanson\/","title":{"rendered":"\u00ab\u00a0Encore une chanson !\u00a0\u00bb"},"content":{"rendered":"<div class=\"wp-block-image\">\n<figure class=\"aligncenter size-large is-resized\"><img loading=\"lazy\" decoding=\"async\" width=\"731\" height=\"1024\" src=\"http:\/\/wcfuhbq.cluster121.hosting.ovh.net\/wp-content\/uploads\/2025\/11\/afficheENCORE-UNE-CHANSON-731x1024.jpg\" alt=\"\" class=\"wp-image-116\" style=\"width:404px;height:auto\" srcset=\"https:\/\/www.cielesondesmots.com\/wp-content\/uploads\/2025\/11\/afficheENCORE-UNE-CHANSON-731x1024.jpg 731w, https:\/\/www.cielesondesmots.com\/wp-content\/uploads\/2025\/11\/afficheENCORE-UNE-CHANSON-214x300.jpg 214w, https:\/\/www.cielesondesmots.com\/wp-content\/uploads\/2025\/11\/afficheENCORE-UNE-CHANSON-768x1075.jpg 768w, https:\/\/www.cielesondesmots.com\/wp-content\/uploads\/2025\/11\/afficheENCORE-UNE-CHANSON-1097x1536.jpg 1097w, https:\/\/www.cielesondesmots.com\/wp-content\/uploads\/2025\/11\/afficheENCORE-UNE-CHANSON-1463x2048.jpg 1463w, https:\/\/www.cielesondesmots.com\/wp-content\/uploads\/2025\/11\/afficheENCORE-UNE-CHANSON-1024x1434.jpg 1024w, https:\/\/www.cielesondesmots.com\/wp-content\/uploads\/2025\/11\/afficheENCORE-UNE-CHANSON-771x1080.jpg 771w, https:\/\/www.cielesondesmots.com\/wp-content\/uploads\/2025\/11\/afficheENCORE-UNE-CHANSON-scaled.jpg 1828w\" sizes=\"auto, (max-width: 731px) 100vw, 731px\" \/><\/figure>\n<\/div>\n\n\n<p style=\"font-size:15px\"><strong>\u00ab&nbsp;Encore une chanson&nbsp;\u00bb<\/strong>&nbsp;est un spectacle destin\u00e9 aux tout-petits, avec des&nbsp;<strong>chansons<\/strong>,&nbsp;<strong>comptines&nbsp;<\/strong>et&nbsp;<strong>jeux de doigts<\/strong>&nbsp;issus du&nbsp;<strong>r\u00e9pertoire traditionnel<\/strong>.<br><br><strong>\u00ab&nbsp;Encore une chanson !&nbsp;\u00bb<\/strong>&nbsp;est un&nbsp;<strong>spectacle-concert&nbsp;<\/strong>proposant une v\u00e9ritable&nbsp;<strong>exp\u00e9rience musicale<\/strong>&nbsp;pour le tout-petit, gr\u00e2ce \u00e0 la multiplicit\u00e9 des instruments acoustiques (contrebasse, guitare, ukul\u00e9l\u00e9, percussions\u2026), un&nbsp;<strong>\u00e9veil au langage et aux mots&nbsp;<\/strong>par la voix chant\u00e9e et parl\u00e9e (comptines traditionnelles et jeux de doigts) ainsi qu\u2019aux&nbsp;<strong>sons<\/strong>, avec la vari\u00e9t\u00e9 des percussions.<br>\u00ab&nbsp;De la&nbsp;<strong>musique&nbsp;<\/strong>du&nbsp;<strong>langage<\/strong>, de son&nbsp;<strong>rythme&nbsp;<\/strong>et de sa&nbsp;<strong>m\u00e9lodie&nbsp;<\/strong>il en trouvera progressivement le&nbsp;<strong>sens&nbsp;<\/strong>et apprendra \u00e0&nbsp;<strong>parler<\/strong>, puis \u00e0&nbsp;<strong>apprendre<\/strong>, en particulier la&nbsp;<strong>musique&nbsp;<\/strong>qui sculptera et caressera son&nbsp;<strong>cerveau<\/strong>, d\u00e9veloppant ses&nbsp;<strong>capacit\u00e9s intellectuelles et sociales<\/strong>.&nbsp;\u00bb&nbsp;<em>(Pierre Lemarquis, neurologue et neurophysiologiste)<\/em><br><\/p>\n\n\n\n<p style=\"font-size:15px\"><strong>CONCERT-SPECTACLE<\/strong><br>De 0 \u00e0 6 ans<br><\/p>\n\n\n\n<p style=\"font-size:15px\"><strong>DUR\u00c9E<\/strong><br>30 minutes<br><\/p>\n\n\n\n<p style=\"font-size:15px\"><strong>DISTRIBUTION<\/strong><br>Mise en sc\u00e8ne : Claire PHILIPPE et Micha\u00ebl VESSEREAU<br>Avec : Fr\u00e9d\u00e9ric ALBERTINI (musicien) et Claire PHILIPPE (com\u00e9dienne-chanteuse)<br>Sc\u00e9nographie : Vincent GUIBAL et Micha\u00ebl VESSEREAU<br>Lumi\u00e8res : Vincent GUIBAL<br><\/p>\n\n\n\n<p style=\"font-size:15px\"><strong>PRODUCTION ET DIFFUSION<\/strong><br>Cie Le Son des Mots<br>Dossier du spectacle sur demande<br><\/p>\n\n\n\n<p style=\"font-size:15px\"><strong>SOUTIENS &amp; PARTENAIRES<\/strong><br>Le spectacle \u00ab&nbsp;Encore une chanson !&nbsp;\u00bb a \u00e9t\u00e9 accueilli en r\u00e9sidence \u00e0 la&nbsp;<strong>cr\u00e8che de la Friche Belle de Mai&nbsp;<\/strong>et au&nbsp;<strong>Studio de la Cie l\u2019Entreprise<\/strong>, dans le cadre du dispositif&nbsp;<strong>Et\u00e9 Culturel 2024 de la DRAC PACA<\/strong>, ainsi qu\u2019au&nbsp;<strong>Th\u00e9\u00e2tre de l\u2019Eden \u00e0 S\u00e9nas.<\/strong><br><\/p>\n\n\n\n<figure class=\"wp-block-embed is-type-video is-provider-youtube wp-block-embed-youtube wp-embed-aspect-16-9 wp-has-aspect-ratio\"><div class=\"wp-block-embed__wrapper\">\n<div class='embed-container'><iframe loading=\"lazy\" title=\"&quot;Encore une chanson&quot; - concert de comptines pour les petits de 0 \u00e0 6 ans\" width=\"1920\" height=\"1080\" src=\"https:\/\/www.youtube.com\/embed\/wOiraJIsxcA?feature=oembed\" frameborder=\"0\" allow=\"accelerometer; autoplay; clipboard-write; encrypted-media; gyroscope; picture-in-picture; web-share\" referrerpolicy=\"strict-origin-when-cross-origin\" allowfullscreen><\/iframe><\/div>\n<\/div><\/figure>\n","protected":false},"excerpt":{"rendered":"<p>\u00ab&nbsp;Encore une chanson&nbsp;\u00bb&nbsp;est un spectacle destin\u00e9 aux tout-petits, avec des&nbsp;chansons,&nbsp;comptines&nbsp;et&nbsp;jeux de doigts&nbsp;issus du&nbsp;r\u00e9pertoire traditionnel. \u00ab&nbsp;Encore une chanson !&nbsp;\u00bb&nbsp;est un&nbsp;spectacle-concert&nbsp;proposant une v\u00e9ritable&nbsp;exp\u00e9rience musicale&nbsp;pour le tout-petit, gr\u00e2ce \u00e0 la multiplicit\u00e9 des instruments acoustiques (contrebasse, guitare, ukul\u00e9l\u00e9, percussions\u2026), un&nbsp;\u00e9veil au langage et aux mots&nbsp;par la voix chant\u00e9e et parl\u00e9e (comptines traditionnelles et jeux de doigts) ainsi qu\u2019aux&nbsp;sons, avec&hellip; <br \/> <a class=\"read-more\" href=\"https:\/\/www.cielesondesmots.com\/index.php\/encore-une-chanson\/\">Lire la suite<\/a><\/p>\n","protected":false},"author":2,"featured_media":242,"parent":0,"menu_order":0,"comment_status":"closed","ping_status":"closed","template":"","meta":{"footnotes":""},"class_list":["post-14","page","type-page","status-publish","has-post-thumbnail","hentry"],"_links":{"self":[{"href":"https:\/\/www.cielesondesmots.com\/index.php\/wp-json\/wp\/v2\/pages\/14","targetHints":{"allow":["GET"]}}],"collection":[{"href":"https:\/\/www.cielesondesmots.com\/index.php\/wp-json\/wp\/v2\/pages"}],"about":[{"href":"https:\/\/www.cielesondesmots.com\/index.php\/wp-json\/wp\/v2\/types\/page"}],"author":[{"embeddable":true,"href":"https:\/\/www.cielesondesmots.com\/index.php\/wp-json\/wp\/v2\/users\/2"}],"replies":[{"embeddable":true,"href":"https:\/\/www.cielesondesmots.com\/index.php\/wp-json\/wp\/v2\/comments?post=14"}],"version-history":[{"count":4,"href":"https:\/\/www.cielesondesmots.com\/index.php\/wp-json\/wp\/v2\/pages\/14\/revisions"}],"predecessor-version":[{"id":243,"href":"https:\/\/www.cielesondesmots.com\/index.php\/wp-json\/wp\/v2\/pages\/14\/revisions\/243"}],"wp:featuredmedia":[{"embeddable":true,"href":"https:\/\/www.cielesondesmots.com\/index.php\/wp-json\/wp\/v2\/media\/242"}],"wp:attachment":[{"href":"https:\/\/www.cielesondesmots.com\/index.php\/wp-json\/wp\/v2\/media?parent=14"}],"curies":[{"name":"wp","href":"https:\/\/api.w.org\/{rel}","templated":true}]}}